{"id":2,"date":"2011-03-06T18:12:55","date_gmt":"2011-03-06T17:12:55","guid":{"rendered":"http:\/\/www.burkhardplett.de\/?page_id=2"},"modified":"2011-03-06T20:08:36","modified_gmt":"2011-03-06T19:08:36","slug":"beispiel-seite","status":"publish","type":"page","link":"http:\/\/www.burkhardplett.de\/?page_id=2","title":{"rendered":"About me"},"content":{"rendered":"<div id=\"attachment_9\" style=\"width: 310px\" class=\"wp-caption alignleft\"><a href=\"http:\/\/www.burkhardplett.de\/wp-content\/uploads\/2011\/03\/me.jpg\"><img aria-describedby=\"caption-attachment-9\" loading=\"lazy\" class=\"size-medium wp-image-9 \" title=\"Das bin ich...\" src=\"http:\/\/www.burkhardplett.de\/wp-content\/uploads\/2011\/03\/me-300x225.jpg\" alt=\"...anno 2009\" width=\"300\" height=\"225\" srcset=\"http:\/\/www.burkhardplett.de\/wp-content\/uploads\/2011\/03\/me-300x225.jpg 300w, http:\/\/www.burkhardplett.de\/wp-content\/uploads\/2011\/03\/me.jpg 324w\" sizes=\"(max-width: 300px) 100vw, 300px\" \/><\/a><p id=\"caption-attachment-9\" class=\"wp-caption-text\">...anno 2009<\/p><\/div>\n<p>Ihr habt euch auf die Seite von Burkhard Plett verirrt. Aber keine Angst ich bei\u00dfe nicht.<\/p>\n<p>Ich bin 1968 in Wuppertal auf die Welt gekommen, gl\u00fccklich verheiratet mit Sabine und Vater von den wundervollen erwachsenen S\u00f6hnen Dennis und Robin.<\/p>\n<p>Ich bin gelernter Elektroinstallateur, Stabsunteroffizier, Linienbusfahrer in Wuppertal und Duisburg, Ausfahrtelektriker der Wuppertaler Schwebebahn, Staatl. gepr. Techniker f\u00fcr Elektrotechnik Fachbereich EDV und mittlerweile Fachkraft f\u00fcr Brandmelde- und Einbruchmeldetechnik.<\/p>\n<p>Meine Wahlheimat ist Duisburg am Niederrhein und man glaubt garnicht wie gr\u00fcn der Ruhrpott sein kann.<\/p>\n<p>&nbsp;<\/p>\n<p>&nbsp;<\/p>\n","protected":false},"excerpt":{"rendered":"<p>Ihr habt euch auf die Seite von Burkhard Plett verirrt. Aber keine Angst ich bei\u00dfe nicht. Ich bin 1968 in Wuppertal auf die Welt gekommen, gl\u00fccklich verheiratet mit Sabine und Vater von den wundervollen erwachsenen S\u00f6hnen Dennis und Robin. Ich &hellip; <a href=\"http:\/\/www.burkhardplett.de\/?page_id=2\">Weiterlesen <span class=\"meta-nav\">&rarr;<\/span><\/a><\/p>\n","protected":false},"author":1,"featured_media":0,"parent":0,"menu_order":0,"comment_status":"open","ping_status":"open","template":"","meta":[],"_links":{"self":[{"href":"http:\/\/www.burkhardplett.de\/index.php?rest_route=\/wp\/v2\/pages\/2"}],"collection":[{"href":"http:\/\/www.burkhardplett.de\/index.php?rest_route=\/wp\/v2\/pages"}],"about":[{"href":"http:\/\/www.burkhardplett.de\/index.php?rest_route=\/wp\/v2\/types\/page"}],"author":[{"embeddable":true,"href":"http:\/\/www.burkhardplett.de\/index.php?rest_route=\/wp\/v2\/users\/1"}],"replies":[{"embeddable":true,"href":"http:\/\/www.burkhardplett.de\/index.php?rest_route=%2Fwp%2Fv2%2Fcomments&post=2"}],"version-history":[{"count":5,"href":"http:\/\/www.burkhardplett.de\/index.php?rest_route=\/wp\/v2\/pages\/2\/revisions"}],"predecessor-version":[{"id":16,"href":"http:\/\/www.burkhardplett.de\/index.php?rest_route=\/wp\/v2\/pages\/2\/revisions\/16"}],"wp:attachment":[{"href":"http:\/\/www.burkhardplett.de\/index.php?rest_route=%2Fwp%2Fv2%2Fmedia&parent=2"}],"curies":[{"name":"wp","href":"https:\/\/api.w.org\/{rel}","templated":true}]}}